{"id":718,"date":"2022-07-09T01:12:34","date_gmt":"2022-07-09T06:12:34","guid":{"rendered":"https:\/\/femidiscas.com\/?page_id=718"},"modified":"2022-10-08T16:45:42","modified_gmt":"2022-10-08T21:45:42","slug":"quienes-somos","status":"publish","type":"page","link":"https:\/\/femidiscas.com\/","title":{"rendered":"QUIENES SOMOS"},"content":{"rendered":"\t\t<div data-elementor-type=\"wp-page\" data-elementor-id=\"718\" class=\"elementor elementor-718\">\n\t\t\t\t\t\t\t\t\t<section class=\"elementor-section elementor-top-section elementor-element elementor-element-fefade3 elementor-section-boxed elementor-section-height-default elementor-section-height-default\" data-id=\"fefade3\" data-element_type=\"section\">\n\t\t\t\t\t\t<div class=\"elementor-container elementor-column-gap-default\">\n\t\t\t\t\t<div class=\"elementor-column elementor-col-100 elementor-top-column elementor-element elementor-element-e9514bb\" data-id=\"e9514bb\" data-element_type=\"column\">\n\t\t\t<div class=\"elementor-widget-wrap elementor-element-populated\">\n\t\t\t\t\t\t\t\t<section class=\"elementor-section elementor-inner-section elementor-element elementor-element-a652638 elementor-section-boxed elementor-section-height-default elementor-section-height-default\" data-id=\"a652638\" data-element_type=\"section\">\n\t\t\t\t\t\t<div class=\"elementor-container elementor-column-gap-default\">\n\t\t\t\t\t<div class=\"elementor-column elementor-col-50 elementor-inner-column elementor-element elementor-element-407a127\" data-id=\"407a127\" data-element_type=\"column\">\n\t\t\t<div class=\"elementor-widget-wrap elementor-element-populated\">\n\t\t\t\t\t\t\t\t<div class=\"elementor-element elementor-element-a9a12d9 elementor-widget elementor-widget-html\" data-id=\"a9a12d9\" data-element_type=\"widget\" data-widget_type=\"html.default\">\n\t\t\t\t<div class=\"elementor-widget-container\">\n\t\t\t<iframe class=\"responsive-iframe\" title=\"video en LSM\" src=\"https:\/\/www.youtube-nocookie.com\/embed\/P0wfqlGqpEw?modestbranding=1&showinfo=0&rel=0&iv_load_policy=3&fs=0&color=white&autohide=0&controls=0\" frameborder=\"0\" aria-label=\"video en LSM\" height=\"320\">\n<\/iframe>\n\t\t<\/div>\n\t\t\t\t<\/div>\n\t\t\t\t\t<\/div>\n\t\t<\/div>\n\t\t\t\t<div class=\"elementor-column elementor-col-50 elementor-inner-column elementor-element elementor-element-5b1ebb0\" data-id=\"5b1ebb0\" data-element_type=\"column\">\n\t\t\t<div class=\"elementor-widget-wrap elementor-element-populated\">\n\t\t\t\t\t\t\t\t<div class=\"elementor-element elementor-element-39bd325 elementor-widget elementor-widget-text-editor\" data-id=\"39bd325\" data-element_type=\"widget\" data-widget_type=\"text-editor.default\">\n\t\t\t\t<div class=\"elementor-widget-container\">\n\t\t\t<style>\/*! elementor - v3.6.8 - 27-07-2022 *\/\n.elementor-widget-text-editor.elementor-drop-cap-view-stacked .elementor-drop-cap{background-color:#818a91;color:#fff}.elementor-widget-text-editor.elementor-drop-cap-view-framed .elementor-drop-cap{color:#818a91;border:3px solid;background-color:transparent}.elementor-widget-text-editor:not(.elementor-drop-cap-view-default) .elementor-drop-cap{margin-top:8px}.elementor-widget-text-editor:not(.elementor-drop-cap-view-default) .elementor-drop-cap-letter{width:1em;height:1em}.elementor-widget-text-editor .elementor-drop-cap{float:left;text-align:center;line-height:1;font-size:50px}.elementor-widget-text-editor .elementor-drop-cap-letter{display:inline-block}<\/style>\t\t\t\t<p>Femidiscas es una colectiva de mujeres diversas: discas, enfermas, locas, en situaci\u00f3n de discapacidad, neuro divergentes, con enfermedades discapacitantes, lisiadas, con diversidad funcional que se asumen feministas y viven la discapacidad encuerpada, con diversas posturas pol\u00edticas para propiciar su reivindicaci\u00f3n. Uno de nuestros objetivos es visibilizar las desigualdades en la vida cotidiana y en el movimiento feminista a las que nos enfrentamos como mujeres con discapacidad y contrarrestarlas de una manera no capacitista. Cada femidisca ha realizado estudios y se ha formado por lo que hay un di\u00e1logo interdisciplinar desde las ciencias sociales, las humanidades y las artes. <br \/><br \/>Nuestras l\u00edneas de acci\u00f3n son el autocuidado colectivo que implica acompa\u00f1arnos y escucharnos entre nosotras y con otras mujeres con discapacidad; la formaci\u00f3n y asesor\u00eda en temas que nos afectan como mujeres con discapacidad y, la creaci\u00f3n, as\u00ed como la difusi\u00f3n de contenidos en distintos formatos accesibles sobre feminismos y discapacidad.<\/p>\t\t\t\t\t\t<\/div>\n\t\t\t\t<\/div>\n\t\t\t\t\t<\/div>\n\t\t<\/div>\n\t\t\t\t\t\t\t<\/div>\n\t\t<\/section>\n\t\t\t\t\t<\/div>\n\t\t<\/div>\n\t\t\t\t\t\t\t<\/div>\n\t\t<\/section>\n\t\t\t\t\t\t\t<\/div>\n\t\t","protected":false},"excerpt":{"rendered":"<p>Femidiscas es una colectiva de mujeres diversas: discas, enfermas, locas, en situaci\u00f3n de discapacidad, neuro divergentes, con enfermedades discapacitantes, lisiadas, con diversidad funcional que se asumen feministas y viven la discapacidad encuerpada, con diversas posturas pol\u00edticas para propiciar su reivindicaci\u00f3n. Uno de nuestros objetivos es visibilizar las desigualdades en la vida cotidiana y en el &hellip;<\/p>\n<p class=\"read-more\"> <a class=\"\" href=\"https:\/\/femidiscas.com\/\"> <span class=\"screen-reader-text\">QUIENES SOMOS<\/span> Leer m\u00e1s &raquo;<\/a><\/p>\n","protected":false},"author":1,"featured_media":0,"parent":0,"menu_order":1,"comment_status":"closed","ping_status":"closed","template":"","meta":{"om_disable_all_campaigns":false,"_monsterinsights_skip_tracking":false,"_monsterinsights_sitenote_active":false,"_monsterinsights_sitenote_note":"","_monsterinsights_sitenote_category":0,"site-sidebar-layout":"no-sidebar","site-content-layout":"page-builder","ast-global-header-display":"","ast-main-header-display":"","ast-hfb-above-header-display":"","ast-hfb-below-header-display":"","ast-hfb-mobile-header-display":"","site-post-title":"disabled","ast-breadcrumbs-content":"","ast-featured-img":"disabled","footer-sml-layout":"","theme-transparent-header-meta":"","adv-header-id-meta":"","stick-header-meta":"","header-above-stick-meta":"","header-main-stick-meta":"","header-below-stick-meta":""},"_links":{"self":[{"href":"https:\/\/femidiscas.com\/index.php?rest_route=\/wp\/v2\/pages\/718"}],"collection":[{"href":"https:\/\/femidiscas.com\/index.php?rest_route=\/wp\/v2\/pages"}],"about":[{"href":"https:\/\/femidiscas.com\/index.php?rest_route=\/wp\/v2\/types\/page"}],"author":[{"embeddable":true,"href":"https:\/\/femidiscas.com\/index.php?rest_route=\/wp\/v2\/users\/1"}],"replies":[{"embeddable":true,"href":"https:\/\/femidiscas.com\/index.php?rest_route=%2Fwp%2Fv2%2Fcomments&post=718"}],"version-history":[{"count":32,"href":"https:\/\/femidiscas.com\/index.php?rest_route=\/wp\/v2\/pages\/718\/revisions"}],"predecessor-version":[{"id":1025,"href":"https:\/\/femidiscas.com\/index.php?rest_route=\/wp\/v2\/pages\/718\/revisions\/1025"}],"wp:attachment":[{"href":"https:\/\/femidiscas.com\/index.php?rest_route=%2Fwp%2Fv2%2Fmedia&parent=718"}],"curies":[{"name":"wp","href":"https:\/\/api.w.org\/{rel}","templated":true}]}}